{"id":90,"date":"2025-03-05T15:25:33","date_gmt":"2025-03-05T15:25:33","guid":{"rendered":"https:\/\/zapfling.com\/?page_id=90"},"modified":"2025-12-29T15:17:34","modified_gmt":"2025-12-29T15:17:34","slug":"about-us","status":"publish","type":"page","link":"https:\/\/zapfling.com\/fr\/about-us\/","title":{"rendered":"\u00c0 propos de nous"},"content":{"rendered":"<h3 class=\"wp-block-heading\">Bienvenue dans Zapfling : \u00c0 la d\u00e9couverte de nouveaux horizons<\/h3>\n\n\n\n<p>Chez Zapfling, nous croyons que la vie est un voyage riche en opportunit\u00e9s de croissance, d&#039;apprentissage et d&#039;aventure. Notre mission est de vous proposer un contenu inspirant et informatif pour vous accompagner dans les multiples facettes de la vie moderne\u00a0: d\u00e9veloppement de carri\u00e8re, derni\u00e8res tendances technologiques, conseils de vie et exp\u00e9riences de voyage inoubliables.<\/p>\n\n\n\n<h2 class=\"wp-block-heading\">Ce que nous proposons<\/h2>\n\n\n\n<h3 class=\"wp-block-heading\">Carri\u00e8re<\/h3>\n\n\n\n<ul>\n<li><strong>D\u00e9veloppement professionnel :<\/strong> Des conseils pour am\u00e9liorer vos comp\u00e9tences et progresser dans votre carri\u00e8re.<\/li>\n\n\n\n<li><strong>\u00c9quilibre vie professionnelle-vie priv\u00e9e :<\/strong> Conseils pratiques pour concilier vos responsabilit\u00e9s professionnelles et votre vie personnelle.<\/li>\n\n\n\n<li><strong>Tendances du march\u00e9 :<\/strong> Analyses des \u00e9volutions du march\u00e9 du travail et des moyens de s&#039;y adapter, y compris les opportunit\u00e9s d&#039;emploi et l&#039;orientation professionnelle.<\/li>\n<\/ul>\n\n\n\n<h3 class=\"wp-block-heading\">Vie num\u00e9rique<\/h3>\n\n\n\n<ul>\n<li><strong>Bien-\u00eatre num\u00e9rique\u00a0:<\/strong> Strat\u00e9gies pour maintenir un \u00e9quilibre sain dans l&#039;utilisation des technologies.<\/li>\n\n\n\n<li><strong>S\u00e9curit\u00e9 en ligne :<\/strong> Conseils pour prot\u00e9ger votre vie priv\u00e9e et vos donn\u00e9es personnelles en ligne.<\/li>\n\n\n\n<li><strong>Outils et ressources\u00a0:<\/strong> Recommandations d&#039;applications et de plateformes qui simplifient la vie num\u00e9rique.<\/li>\n<\/ul>\n\n\n\n<h3 class=\"wp-block-heading\">Style de vie<\/h3>\n\n\n\n<ul>\n<li><strong>Bien-\u00eatre :<\/strong> Conseils pour une vie plus \u00e9quilibr\u00e9e en mati\u00e8re de sant\u00e9 mentale et physique.<\/li>\n\n\n\n<li><strong>Durabilit\u00e9:<\/strong> Suggestions de pratiques durables que vous pouvez int\u00e9grer \u00e0 votre routine quotidienne.<\/li>\n\n\n\n<li><strong>Culture et loisirs :<\/strong> Aper\u00e7u des \u00e9v\u00e9nements culturels, des livres, des films et autres formes de divertissement.<\/li>\n<\/ul>\n\n\n\n<h3 class=\"wp-block-heading\">Technologie<\/h3>\n\n\n\n<ul>\n<li><strong>Innovations technologiques :<\/strong> Couverture des derni\u00e8res actualit\u00e9s et avanc\u00e9es dans le monde de la technologie.<\/li>\n\n\n\n<li><strong>Guides et tutoriels\u00a0:<\/strong> Des instructions \u00e9tape par \u00e9tape pour vous aider \u00e0 ma\u00eetriser les nouveaux outils et logiciels.<\/li>\n\n\n\n<li><strong>Avis sur les produits\u00a0:<\/strong> Des \u00e9valuations impartiales de gadgets et d&#039;appareils technologiques.<\/li>\n<\/ul>\n\n\n\n<h3 class=\"wp-block-heading\">Voyages<\/h3>\n\n\n\n<ul>\n<li><strong>Destinations inspirantes :<\/strong> Histoires et conseils sur des lieux fascinants du monde entier.<\/li>\n\n\n\n<li><strong>Planification du voyage\u00a0:<\/strong> Conseils pour organiser des voyages inoubliables, du budget \u00e0 l&#039;itin\u00e9raire.<\/li>\n\n\n\n<li><strong>Exp\u00e9riences locales :<\/strong> Suggestions d&#039;activit\u00e9s authentiques pour vous immerger dans la culture de chaque destination.<\/li>\n<\/ul>\n\n\n\n<h2 class=\"wp-block-heading\">Pourquoi choisir Zapfling ?<\/h2>\n\n\n\n<p>Chez Zapfling, nous privil\u00e9gions la personnalisation et la pertinence. Notre contenu est soigneusement \u00e9labor\u00e9 pour r\u00e9pondre \u00e0 vos besoins et int\u00e9r\u00eats sp\u00e9cifiques, ce qui nous distingue des autres sites proposant des informations g\u00e9n\u00e9riques. Nous nous effor\u00e7ons de vous offrir des perspectives uniques et des analyses approfondies qui enrichissent votre quotidien.<\/p>\n\n\n\n<h2 class=\"wp-block-heading\">Qu&#039;est-ce qui nous diff\u00e9rencie ?<\/h2>\n\n\n\n<ul>\n<li><strong>Approche holistique :<\/strong> Nous abordons un large \u00e9ventail de sujets, vous assurant ainsi de trouver des informations pertinentes pour diff\u00e9rents aspects de votre vie.<\/li>\n\n\n\n<li><strong>Contenu de qualit\u00e9 :<\/strong> Notre \u00e9quipe s&#039;engage \u00e0 produire des articles bien document\u00e9s et \u00e0 jour, garantissant ainsi des informations exactes et fiables.<\/li>\n\n\n\n<li><strong>Communaut\u00e9 engag\u00e9e :<\/strong> Nous encourageons l&#039;interaction et le partage d&#039;exp\u00e9riences entre nos lecteurs, cr\u00e9ant ainsi un espace d&#039;apprentissage mutuel.<\/li>\n<\/ul>\n\n\n\n<h2 class=\"wp-block-heading\">Commen\u00e7ons ensemble.<\/h2>\n\n\n\n<p>Nous sommes ravis de vous accompagner dans ce parcours de d\u00e9couverte et d&#039;\u00e9panouissement. Explorez nos articles, participez aux discussions et n&#039;h\u00e9sitez pas \u00e0 nous contacter pour toute suggestion ou question. \u00c9changez avec nous, d\u00e9couvrez nos\u2026 <strong>politique de confidentialit\u00e9<\/strong> Pour plus d&#039;informations, ou visitez notre site web. <strong>Derniers articles<\/strong> pour faire le premier pas de votre voyage d\u00e8s maintenant.<\/p>","protected":false},"excerpt":{"rendered":"<p>Bem-vindo ao Zapfling: Explorando Novos Horizontes Na Zapfling, acreditamos que a vida \u00e9 uma jornada cheia de oportunidades para crescimento, aprendizado e aventura. Nossa miss\u00e3o \u00e9 oferecer conte\u00fado inspirador e informativo para ajudar voc\u00ea a navegar pelas diversas facetas da vida moderna \u2014 do desenvolvimento de carreira \u00e0s mais recentes tend\u00eancias de tecnologia, al\u00e9m de [&hellip;]<\/p>","protected":false},"author":40,"featured_media":0,"parent":0,"menu_order":0,"comment_status":"closed","ping_status":"closed","template":"","meta":{"_uag_custom_page_level_css":"","site-sidebar-layout":"default","site-content-layout":"","ast-site-content-layout":"default","site-content-style":"default","site-sidebar-style":"default","ast-global-header-display":"","ast-banner-title-visibility":"","ast-main-header-display":"","ast-hfb-above-header-display":"","ast-hfb-below-header-display":"","ast-hfb-mobile-header-display":"","site-post-title":"","ast-breadcrumbs-content":"","ast-featured-img":"","footer-sml-layout":"","theme-transparent-header-meta":"","adv-header-id-meta":"","stick-header-meta":"","header-above-stick-meta":"","header-main-stick-meta":"","header-below-stick-meta":"","astra-migrate-meta-layouts":"set","ast-page-background-enabled":"default","ast-page-background-meta":{"desktop":{"background-color":"var(--ast-global-color-4)","background-image":"","background-repeat":"repeat","background-position":"center center","background-size":"auto","background-attachment":"scroll","background-type":"","background-media":"","overlay-type":"","overlay-color":"","overlay-opacity":"","overlay-gradient":""},"tablet":{"background-color":"","background-image":"","background-repeat":"repeat","background-position":"center center","background-size":"auto","background-attachment":"scroll","background-type":"","background-media":"","overlay-type":"","overlay-color":"","overlay-opacity":"","overlay-gradient":""},"mobile":{"background-color":"","background-image":"","background-repeat":"repeat","background-position":"center center","background-size":"auto","background-attachment":"scroll","background-type":"","background-media":"","overlay-type":"","overlay-color":"","overlay-opacity":"","overlay-gradient":""}},"ast-content-background-meta":{"desktop":{"background-color":"var(--ast-global-color-5)","background-image":"","background-repeat":"repeat","background-position":"center center","background-size":"auto","background-attachment":"scroll","background-type":"","background-media":"","overlay-type":"","overlay-color":"","overlay-opacity":"","overlay-gradient":""},"tablet":{"background-color":"var(--ast-global-color-5)","background-image":"","background-repeat":"repeat","background-position":"center center","background-size":"auto","background-attachment":"scroll","background-type":"","background-media":"","overlay-type":"","overlay-color":"","overlay-opacity":"","overlay-gradient":""},"mobile":{"background-color":"var(--ast-global-color-5)","background-image":"","background-repeat":"repeat","background-position":"center center","background-size":"auto","background-attachment":"scroll","background-type":"","background-media":"","overlay-type":"","overlay-color":"","overlay-opacity":"","overlay-gradient":""}},"footnotes":""},"yoast_head":"<!-- This site is optimized with the Yoast SEO plugin v23.3 - https:\/\/yoast.com\/wordpress\/plugins\/seo\/ -->\n<title>Sobre N\u00f3s - Zapfling<\/title>\n<meta name=\"robots\" content=\"index, follow, max-snippet:-1, max-image-preview:large, max-video-preview:-1\" \/>\n<link rel=\"canonical\" href=\"https:\/\/zapfling.com\/fr\/about-us\/\" \/>\n<meta property=\"og:locale\" content=\"fr_FR\" \/>\n<meta property=\"og:type\" content=\"article\" \/>\n<meta property=\"og:title\" content=\"Sobre N\u00f3s - Zapfling\" \/>\n<meta property=\"og:description\" content=\"Bem-vindo ao Zapfling: Explorando Novos Horizontes Na Zapfling, acreditamos que a vida \u00e9 uma jornada cheia de oportunidades para crescimento, aprendizado e aventura. Nossa miss\u00e3o \u00e9 oferecer conte\u00fado inspirador e informativo para ajudar voc\u00ea a navegar pelas diversas facetas da vida moderna \u2014 do desenvolvimento de carreira \u00e0s mais recentes tend\u00eancias de tecnologia, al\u00e9m de [&hellip;]\" \/>\n<meta property=\"og:url\" content=\"https:\/\/zapfling.com\/fr\/about-us\/\" \/>\n<meta property=\"og:site_name\" content=\"Zapfling\" \/>\n<meta property=\"article:modified_time\" content=\"2025-12-29T15:17:34+00:00\" \/>\n<meta name=\"twitter:card\" content=\"summary_large_image\" \/>\n<meta name=\"twitter:label1\" content=\"Est. reading time\" \/>\n\t<meta name=\"twitter:data1\" content=\"3 minutes\" \/>\n<script type=\"application\/ld+json\" class=\"yoast-schema-graph\">{\"@context\":\"https:\/\/schema.org\",\"@graph\":[{\"@type\":\"WebPage\",\"@id\":\"https:\/\/zapfling.com\/about-us\/\",\"url\":\"https:\/\/zapfling.com\/about-us\/\",\"name\":\"Sobre N\u00f3s - Zapfling\",\"isPartOf\":{\"@id\":\"https:\/\/zapfling.com\/#website\"},\"datePublished\":\"2025-03-05T15:25:33+00:00\",\"dateModified\":\"2025-12-29T15:17:34+00:00\",\"breadcrumb\":{\"@id\":\"https:\/\/zapfling.com\/about-us\/#breadcrumb\"},\"inLanguage\":\"fr-FR\",\"potentialAction\":[{\"@type\":\"ReadAction\",\"target\":[\"https:\/\/zapfling.com\/about-us\/\"]}]},{\"@type\":\"BreadcrumbList\",\"@id\":\"https:\/\/zapfling.com\/about-us\/#breadcrumb\",\"itemListElement\":[{\"@type\":\"ListItem\",\"position\":1,\"name\":\"Home\",\"item\":\"https:\/\/zapfling.com\/\"},{\"@type\":\"ListItem\",\"position\":2,\"name\":\"Sobre N\u00f3s\"}]},{\"@type\":\"WebSite\",\"@id\":\"https:\/\/zapfling.com\/#website\",\"url\":\"https:\/\/zapfling.com\/\",\"name\":\"Zapfling\",\"description\":\"\",\"publisher\":{\"@id\":\"https:\/\/zapfling.com\/#organization\"},\"potentialAction\":[{\"@type\":\"SearchAction\",\"target\":{\"@type\":\"EntryPoint\",\"urlTemplate\":\"https:\/\/zapfling.com\/?s={search_term_string}\"},\"query-input\":\"required name=search_term_string\"}],\"inLanguage\":\"fr-FR\"},{\"@type\":\"Organization\",\"@id\":\"https:\/\/zapfling.com\/#organization\",\"name\":\"Zapfling\",\"url\":\"https:\/\/zapfling.com\/\",\"logo\":{\"@type\":\"ImageObject\",\"inLanguage\":\"fr-FR\",\"@id\":\"https:\/\/zapfling.com\/#\/schema\/logo\/image\/\",\"url\":\"https:\/\/zapfling.com\/wp-content\/uploads\/sites\/203\/2025\/11\/cropped-cropped-cropped-zapfling-1.png\",\"contentUrl\":\"https:\/\/zapfling.com\/wp-content\/uploads\/sites\/203\/2025\/11\/cropped-cropped-cropped-zapfling-1.png\",\"width\":411,\"height\":414,\"caption\":\"Zapfling\"},\"image\":{\"@id\":\"https:\/\/zapfling.com\/#\/schema\/logo\/image\/\"}}]}<\/script>\n<!-- \/ Yoast SEO plugin. -->","yoast_head_json":{"title":"Sobre N\u00f3s - Zapfling","robots":{"index":"index","follow":"follow","max-snippet":"max-snippet:-1","max-image-preview":"max-image-preview:large","max-video-preview":"max-video-preview:-1"},"canonical":"https:\/\/zapfling.com\/fr\/about-us\/","og_locale":"fr_FR","og_type":"article","og_title":"Sobre N\u00f3s - Zapfling","og_description":"Bem-vindo ao Zapfling: Explorando Novos Horizontes Na Zapfling, acreditamos que a vida \u00e9 uma jornada cheia de oportunidades para crescimento, aprendizado e aventura. Nossa miss\u00e3o \u00e9 oferecer conte\u00fado inspirador e informativo para ajudar voc\u00ea a navegar pelas diversas facetas da vida moderna \u2014 do desenvolvimento de carreira \u00e0s mais recentes tend\u00eancias de tecnologia, al\u00e9m de [&hellip;]","og_url":"https:\/\/zapfling.com\/fr\/about-us\/","og_site_name":"Zapfling","article_modified_time":"2025-12-29T15:17:34+00:00","twitter_card":"summary_large_image","twitter_misc":{"Est. reading time":"3 minutes"},"schema":{"@context":"https:\/\/schema.org","@graph":[{"@type":"WebPage","@id":"https:\/\/zapfling.com\/about-us\/","url":"https:\/\/zapfling.com\/about-us\/","name":"Sobre N\u00f3s - Zapfling","isPartOf":{"@id":"https:\/\/zapfling.com\/#website"},"datePublished":"2025-03-05T15:25:33+00:00","dateModified":"2025-12-29T15:17:34+00:00","breadcrumb":{"@id":"https:\/\/zapfling.com\/about-us\/#breadcrumb"},"inLanguage":"fr-FR","potentialAction":[{"@type":"ReadAction","target":["https:\/\/zapfling.com\/about-us\/"]}]},{"@type":"BreadcrumbList","@id":"https:\/\/zapfling.com\/about-us\/#breadcrumb","itemListElement":[{"@type":"ListItem","position":1,"name":"Home","item":"https:\/\/zapfling.com\/"},{"@type":"ListItem","position":2,"name":"Sobre N\u00f3s"}]},{"@type":"WebSite","@id":"https:\/\/zapfling.com\/#website","url":"https:\/\/zapfling.com\/","name":"Zapfling","description":"","publisher":{"@id":"https:\/\/zapfling.com\/#organization"},"potentialAction":[{"@type":"SearchAction","target":{"@type":"EntryPoint","urlTemplate":"https:\/\/zapfling.com\/?s={search_term_string}"},"query-input":"required name=search_term_string"}],"inLanguage":"fr-FR"},{"@type":"Organization","@id":"https:\/\/zapfling.com\/#organization","name":"Zapfling","url":"https:\/\/zapfling.com\/","logo":{"@type":"ImageObject","inLanguage":"fr-FR","@id":"https:\/\/zapfling.com\/#\/schema\/logo\/image\/","url":"https:\/\/zapfling.com\/wp-content\/uploads\/sites\/203\/2025\/11\/cropped-cropped-cropped-zapfling-1.png","contentUrl":"https:\/\/zapfling.com\/wp-content\/uploads\/sites\/203\/2025\/11\/cropped-cropped-cropped-zapfling-1.png","width":411,"height":414,"caption":"Zapfling"},"image":{"@id":"https:\/\/zapfling.com\/#\/schema\/logo\/image\/"}}]}},"uagb_featured_image_src":{"full":false,"thumbnail":false,"medium":false,"medium_large":false,"large":false,"1536x1536":false,"2048x2048":false,"trp-custom-language-flag":false},"uagb_author_info":{"display_name":"pontesingrid25","author_link":"https:\/\/zapfling.com\/fr\/author\/pontesingrid25\/"},"uagb_comment_info":0,"uagb_excerpt":"Bem-vindo ao Zapfling: Explorando Novos Horizontes Na Zapfling, acreditamos que a vida \u00e9 uma jornada cheia de oportunidades para crescimento, aprendizado e aventura. Nossa miss\u00e3o \u00e9 oferecer conte\u00fado inspirador e informativo para ajudar voc\u00ea a navegar pelas diversas facetas da vida moderna \u2014 do desenvolvimento de carreira \u00e0s mais recentes tend\u00eancias de tecnologia, al\u00e9m de\u2026","_links":{"self":[{"href":"https:\/\/zapfling.com\/fr\/wp-json\/wp\/v2\/pages\/90"}],"collection":[{"href":"https:\/\/zapfling.com\/fr\/wp-json\/wp\/v2\/pages"}],"about":[{"href":"https:\/\/zapfling.com\/fr\/wp-json\/wp\/v2\/types\/page"}],"author":[{"embeddable":true,"href":"https:\/\/zapfling.com\/fr\/wp-json\/wp\/v2\/users\/40"}],"replies":[{"embeddable":true,"href":"https:\/\/zapfling.com\/fr\/wp-json\/wp\/v2\/comments?post=90"}],"version-history":[{"count":3,"href":"https:\/\/zapfling.com\/fr\/wp-json\/wp\/v2\/pages\/90\/revisions"}],"predecessor-version":[{"id":1593,"href":"https:\/\/zapfling.com\/fr\/wp-json\/wp\/v2\/pages\/90\/revisions\/1593"}],"wp:attachment":[{"href":"https:\/\/zapfling.com\/fr\/wp-json\/wp\/v2\/media?parent=90"}],"curies":[{"name":"wp","href":"https:\/\/api.w.org\/{rel}","templated":true}]}}