{"id":837,"date":"2025-07-15T18:37:59","date_gmt":"2025-07-15T18:37:59","guid":{"rendered":"https:\/\/zapfling.com\/home-2\/"},"modified":"2025-11-13T20:04:58","modified_gmt":"2025-11-13T20:04:58","slug":"home-2","status":"publish","type":"page","link":"https:\/\/zapfling.com\/fr\/","title":{"rendered":"Home"},"content":{"rendered":"<div class=\"wp-block-uagb-container uagb-block-d8315a9c alignfull uagb-is-root-container\"><div class=\"uagb-container-inner-blocks-wrap\">\n<div class=\"wp-block-columns are-vertically-aligned-center is-layout-flex wp-container-core-columns-layout-1 wp-block-columns-is-layout-flex\">\n<div class=\"wp-block-column is-vertically-aligned-center is-layout-flow wp-block-column-is-layout-flow\" style=\"flex-basis:87%\">\n<div class=\"wp-block-uagb-info-box uagb-block-d1bdbd80 uagb-infobox__content-wrap  uagb-infobox-icon-above-title uagb-infobox-image-valign-top wp-block-uagb-info-box--has-margin\"><div class=\"uagb-infobox-margin-wrapper\"><div class=\"uagb-ifb-content\"><div class=\"uagb-ifb-title-wrap\"><h1 class=\"uagb-ifb-title\">D\u00e9couvrez les offres d&#039;emploi, les formations et les conseils pour booster votre carri\u00e8re.<\/h1><\/div><div class=\"uagb-ifb-button-wrapper wp-block-button\"><a href=\"https:\/\/zapfling.com\/fr\/category\/career\/\" class=\"uagb-infobox-cta-link wp-block-button__link\" target=\"_self\" rel=\"noopener noreferrer\"><span class=\"uagb-inline-editing\">Explorez les opportunit\u00e9s<\/span><\/a><\/div><\/div><\/div><\/div>\n<\/div>\n<\/div>\n\n\n\n<p><\/p>\n<\/div><\/div>\n\n\n\n<div class=\"wp-block-uagb-container uagb-block-06fffa5e alignfull uagb-is-root-container\"><div class=\"uagb-container-inner-blocks-wrap\">\n<div class=\"wp-block-uagb-advanced-heading uagb-block-e57efb3a\"><h2 class=\"uagb-heading-text\">Tout ce dont vous avez besoin pour \u00e9voluer professionnellement.<\/h2><\/div>\n\n\n\n<div class=\"wp-block-uagb-container uagb-layout-grid uagb-block-20f60053 alignfull uagb-is-root-container\"><div class=\"uagb-container-inner-blocks-wrap\">\n<div class=\"wp-block-uagb-info-box uagb-block-c4764eda uagb-infobox__content-wrap  uagb-infobox-icon-above-title uagb-infobox-image-valign-top wp-block-uagb-info-box--has-margin\"><div class=\"uagb-infobox-margin-wrapper\"><div class=\"uagb-ifb-content\"><div class=\"uagb-ifb-title-wrap\"><h4 class=\"uagb-ifb-title\">Offres d&#039;emploi personnalis\u00e9es<\/h4><\/div><p class=\"uagb-ifb-desc\">Trouvez des opportunit\u00e9s qui correspondent parfaitement \u00e0 votre profil professionnel et \u00e0 vos objectifs de carri\u00e8re.<\/p><\/div><\/div><\/div>\n\n\n\n<div class=\"wp-block-uagb-info-box uagb-block-b3afdc8c uagb-infobox__content-wrap  uagb-infobox-icon-above-title uagb-infobox-image-valign-top wp-block-uagb-info-box--has-margin\"><div class=\"uagb-infobox-margin-wrapper\"><div class=\"uagb-ifb-content\"><div class=\"uagb-ifb-title-wrap\"><h4 class=\"uagb-ifb-title\">Conseils d&#039;experts<\/h4><\/div><p class=\"uagb-ifb-desc\">Acc\u00e9dez \u00e0 du contenu exclusif, des conseils de carri\u00e8re et des informations pr\u00e9cieuses de professionnels exp\u00e9riment\u00e9s.<\/p><\/div><\/div><\/div>\n\n\n\n<div class=\"wp-block-uagb-info-box uagb-block-f7c8e088 uagb-infobox__content-wrap  uagb-infobox-icon-above-title uagb-infobox-image-valign-top wp-block-uagb-info-box--has-margin\"><div class=\"uagb-infobox-margin-wrapper\"><div class=\"uagb-ifb-content\"><div class=\"uagb-ifb-title-wrap\"><h4 class=\"uagb-ifb-title\">Cours sp\u00e9cialis\u00e9s<\/h4><\/div><p class=\"uagb-ifb-desc\">D\u00e9veloppez vos comp\u00e9tences gr\u00e2ce \u00e0 des cours cr\u00e9\u00e9s par des experts du secteur, toujours mis \u00e0 jour en fonction des derni\u00e8res tendances du march\u00e9.<br><a href=\"https:\/\/websitedemos.net\/professional-services-02\/?customize_changeset_uuid=d8b36c07-94c8-45b3-8f93-173af52981d1&amp;customize_theme=astra&amp;customize_messenger_channel=preview-0#\"><\/a><\/p><\/div><\/div><\/div>\n<\/div><\/div>\n<\/div><\/div>\n\n\n\n<div class=\"wp-block-uagb-container uagb-block-5a9ca893 alignfull uagb-is-root-container\"><div class=\"uagb-container-inner-blocks-wrap\">\n<div class=\"wp-block-uagb-container uagb-block-1e5666b6 alignfull uagb-is-root-container\"><div class=\"uagb-container-inner-blocks-wrap\">\n<div class=\"wp-block-uagb-container uagb-block-143aa814\">\n<div class=\"wp-block-uagb-info-box uagb-block-2f1011f5 uagb-infobox__content-wrap  uagb-infobox-icon-above-title uagb-infobox-image-valign-top wp-block-uagb-info-box--has-margin\"><div class=\"uagb-infobox-margin-wrapper\"><div class=\"uagb-ifb-content\"><div class=\"uagb-ifb-title-wrap\"><h2 class=\"uagb-ifb-title\">Conseils de carri\u00e8re d&#039;une personne qui s&#039;y conna\u00eet<\/h2><\/div><p class=\"uagb-ifb-desc\">Notre \u00e9quipe partage des strat\u00e9gies pratiques pour optimiser votre CV, exceller lors des entretiens, n\u00e9gocier votre salaire et construire une marque personnelle forte sur le march\u00e9 du travail. <br><br>Des techniques de r\u00e9seautage aux tendances \u00e9mergentes du march\u00e9 du travail, vous disposerez des connaissances n\u00e9cessaires pour vous d\u00e9marquer de la concurrence et acc\u00e9l\u00e9rer votre progression de carri\u00e8re. <\/p><\/div><\/div><\/div>\n<\/div>\n\n\n\n<div class=\"wp-block-uagb-container uagb-block-ca16f42f\">\n<figure class=\"wp-block-image size-large\"><img loading=\"lazy\" decoding=\"async\" width=\"1024\" height=\"576\" src=\"https:\/\/zapfling.com\/wp-content\/uploads\/sites\/203\/2025\/07\/Design-sem-nome-7-1024x576.jpg\" alt=\"\" class=\"wp-image-873\" srcset=\"https:\/\/zapfling.com\/wp-content\/uploads\/sites\/203\/2025\/07\/Design-sem-nome-7-1024x576.jpg 1024w, https:\/\/zapfling.com\/wp-content\/uploads\/sites\/203\/2025\/07\/Design-sem-nome-7-300x169.jpg 300w, https:\/\/zapfling.com\/wp-content\/uploads\/sites\/203\/2025\/07\/Design-sem-nome-7-768x432.jpg 768w, https:\/\/zapfling.com\/wp-content\/uploads\/sites\/203\/2025\/07\/Design-sem-nome-7-1536x864.jpg 1536w, https:\/\/zapfling.com\/wp-content\/uploads\/sites\/203\/2025\/07\/Design-sem-nome-7-18x10.jpg 18w, https:\/\/zapfling.com\/wp-content\/uploads\/sites\/203\/2025\/07\/Design-sem-nome-7.jpg 1920w\" sizes=\"(max-width: 1024px) 100vw, 1024px\" \/><\/figure>\n<\/div>\n<\/div><\/div>\n<\/div><\/div>\n\n\n\n<div class=\"wp-block-uagb-container uagb-block-1b6bd656 alignfull uagb-is-root-container\"><div class=\"uagb-container-inner-blocks-wrap\">\n<div class=\"wp-block-uagb-advanced-heading uagb-block-b1a821ee\"><h2 class=\"uagb-heading-text\">Publications r\u00e9centes<\/h2><\/div>\n\n\n\n\t\t\t<div class=\"wp-block-uagb-post-carousel uagb-post-grid  uagb-post__image-position-top uagb-post__image-enabled uagb-block-15b1828b     uagb-post__arrow-outside uagb-post__items uagb-post__columns-3 is-carousel uagb-post__columns-tablet-2 uagb-post__columns-mobile-1\" data-total=\"31\" style=\"\">\n\n\t\t\t\t\t\t\t\t\t\t\t\t<article class=\"uagb-post__inner-wrap\">\t\t\t\t\t\t\t\t<div class='uagb-post__image'>\n\t\t\t\t\t\t\t\t\t<a href=\"https:\/\/zapfling.com\/fr\/roblox\/\" target=\"_self\" rel=\"bookmark noopener noreferrer\"><img loading=\"lazy\" decoding=\"async\" width=\"1024\" height=\"576\" src=\"https:\/\/zapfling.com\/wp-content\/uploads\/sites\/203\/2025\/12\/roblox-playstore-1024x576.jpg\" class=\"attachment-large size-large\" alt=\"\" srcset=\"https:\/\/zapfling.com\/wp-content\/uploads\/sites\/203\/2025\/12\/roblox-playstore-1024x576.jpg 1024w, https:\/\/zapfling.com\/wp-content\/uploads\/sites\/203\/2025\/12\/roblox-playstore-300x169.jpg 300w, https:\/\/zapfling.com\/wp-content\/uploads\/sites\/203\/2025\/12\/roblox-playstore-768x432.jpg 768w, https:\/\/zapfling.com\/wp-content\/uploads\/sites\/203\/2025\/12\/roblox-playstore-1536x864.jpg 1536w, https:\/\/zapfling.com\/wp-content\/uploads\/sites\/203\/2025\/12\/roblox-playstore-18x10.jpg 18w, https:\/\/zapfling.com\/wp-content\/uploads\/sites\/203\/2025\/12\/roblox-playstore.jpg 1920w\" sizes=\"(max-width: 1024px) 100vw, 1024px\" \/>\t\t\t\t\t<\/a>\n\t\t\t\t\t\t\t\t\t<\/div>\n\t\t\t\t\t\t<h4 class=\"uagb-post__title uagb-post__text\">\n\t\t\t\t<a href=\"https:\/\/zapfling.com\/fr\/roblox\/\" target=\"_self\" rel=\"bookmark noopener noreferrer\">Roblox\u00a0: Un guide complet pour progresser plus rapidement, gagner des Robux et profiter au maximum des \u00e9v\u00e9nements.<\/a>\n\t\t\t<\/h4>\n\t\t\t\t\t\t<div class='uagb-post__text uagb-post-grid-byline'>\n\t\t\t\t\t\t\t\t<time datetime=\"2025-12-22T17:51:57+00:00\" class=\"uagb-post__date\">\n\t\t\t\t<span class=\"dashicons-calendar dashicons\"><\/span>\t\t\t\t\t22 d\u00e9cembre 2025\t\t\t\t<\/time>\n\t\t\t\t\t\t\t<span class=\"uagb-post__comment\">\n\t\t\t\t<span class=\"dashicons-admin-comments dashicons\"><\/span>\t\t\t\t\tAucun commentaire\t\t\t\t<\/span>\n\t\t\t\t\t\t<\/div>\n\t\t\t\t\t\t\t<div class='uagb-post__text uagb-post__excerpt'>\n\t\t\t\t\t<p>Organisation du guide\u00a0: Afin de rendre tout ce qui est applicable, ce texte suit une logique pratique\u00a0:\u2026\t\t\t\t<\/div>\n\t\t\t\t\t\t<div class=\"uagb-post__text uagb-post__cta wp-block-button\">\n\t\t\t\t<a class=\"wp-block-button__link uagb-text-link\" style=\"\" href=\"https:\/\/zapfling.com\/fr\/roblox\/\" target=\"_self\" rel=\"bookmark noopener noreferrer\">v\u00e9rifier<\/a>\n\t\t\t<\/div>\n\t\t\t\n\t\t\t\t\t\t\t\t\t<\/article>\n\t\t\t\t\t\t\t\t\t\t\t\t\t\t\t\t<article class=\"uagb-post__inner-wrap\">\t\t\t\t\t\t\t\t<div class='uagb-post__image'>\n\t\t\t\t\t\t\t\t\t<a href=\"https:\/\/zapfling.com\/fr\/cnh-social\/\" target=\"_self\" rel=\"bookmark noopener noreferrer\"><img loading=\"lazy\" decoding=\"async\" width=\"1024\" height=\"576\" src=\"https:\/\/zapfling.com\/wp-content\/uploads\/sites\/203\/2025\/11\/Design-sem-nome-22-1024x576.jpg\" class=\"attachment-large size-large\" alt=\"\" srcset=\"https:\/\/zapfling.com\/wp-content\/uploads\/sites\/203\/2025\/11\/Design-sem-nome-22-1024x576.jpg 1024w, https:\/\/zapfling.com\/wp-content\/uploads\/sites\/203\/2025\/11\/Design-sem-nome-22-300x169.jpg 300w, https:\/\/zapfling.com\/wp-content\/uploads\/sites\/203\/2025\/11\/Design-sem-nome-22-768x432.jpg 768w, https:\/\/zapfling.com\/wp-content\/uploads\/sites\/203\/2025\/11\/Design-sem-nome-22-1536x864.jpg 1536w, https:\/\/zapfling.com\/wp-content\/uploads\/sites\/203\/2025\/11\/Design-sem-nome-22-18x10.jpg 18w, https:\/\/zapfling.com\/wp-content\/uploads\/sites\/203\/2025\/11\/Design-sem-nome-22.jpg 1920w\" sizes=\"(max-width: 1024px) 100vw, 1024px\" \/>\t\t\t\t\t<\/a>\n\t\t\t\t\t\t\t\t\t<\/div>\n\t\t\t\t\t\t<h4 class=\"uagb-post__title uagb-post__text\">\n\t\t\t\t<a href=\"https:\/\/zapfling.com\/fr\/cnh-social\/\" target=\"_self\" rel=\"bookmark noopener noreferrer\">CNH Social 2025\u00a0: Un guide simple pour obtenir son permis de conduire gratuitement.<\/a>\n\t\t\t<\/h4>\n\t\t\t\t\t\t<div class='uagb-post__text uagb-post-grid-byline'>\n\t\t\t\t\t\t\t\t<time datetime=\"2025-11-19T11:08:39+00:00\" class=\"uagb-post__date\">\n\t\t\t\t<span class=\"dashicons-calendar dashicons\"><\/span>\t\t\t\t\t19 novembre 2025\t\t\t\t<\/time>\n\t\t\t\t\t\t\t<span class=\"uagb-post__comment\">\n\t\t\t\t<span class=\"dashicons-admin-comments dashicons\"><\/span>\t\t\t\t\tAucun commentaire\t\t\t\t<\/span>\n\t\t\t\t\t\t<\/div>\n\t\t\t\t\t\t\t<div class='uagb-post__text uagb-post__excerpt'>\n\t\t\t\t\tCNH Social 2025\u00a0: v\u00e9rifiez si vous remplissez les conditions de revenus et comment vous inscrire correctement\u2026\t\t\t\t<\/div>\n\t\t\t\t\t\t<div class=\"uagb-post__text uagb-post__cta wp-block-button\">\n\t\t\t\t<a class=\"wp-block-button__link uagb-text-link\" style=\"\" href=\"https:\/\/zapfling.com\/fr\/cnh-social\/\" target=\"_self\" rel=\"bookmark noopener noreferrer\">v\u00e9rifier<\/a>\n\t\t\t<\/div>\n\t\t\t\n\t\t\t\t\t\t\t\t\t<\/article>\n\t\t\t\t\t\t\t\t\t\t\t\t\t\t\t\t<article class=\"uagb-post__inner-wrap\">\t\t\t\t\t\t\t\t<div class='uagb-post__image'>\n\t\t\t\t\t\t\t\t\t<a href=\"https:\/\/zapfling.com\/fr\/reforma-casa-brasil\/\" target=\"_self\" rel=\"bookmark noopener noreferrer\"><img loading=\"lazy\" decoding=\"async\" width=\"1024\" height=\"576\" src=\"https:\/\/zapfling.com\/wp-content\/uploads\/sites\/203\/2025\/11\/Design-sem-nome-20-1024x576.jpg\" class=\"attachment-large size-large\" alt=\"\" srcset=\"https:\/\/zapfling.com\/wp-content\/uploads\/sites\/203\/2025\/11\/Design-sem-nome-20-1024x576.jpg 1024w, https:\/\/zapfling.com\/wp-content\/uploads\/sites\/203\/2025\/11\/Design-sem-nome-20-300x169.jpg 300w, https:\/\/zapfling.com\/wp-content\/uploads\/sites\/203\/2025\/11\/Design-sem-nome-20-768x432.jpg 768w, https:\/\/zapfling.com\/wp-content\/uploads\/sites\/203\/2025\/11\/Design-sem-nome-20-1536x864.jpg 1536w, https:\/\/zapfling.com\/wp-content\/uploads\/sites\/203\/2025\/11\/Design-sem-nome-20-18x10.jpg 18w, https:\/\/zapfling.com\/wp-content\/uploads\/sites\/203\/2025\/11\/Design-sem-nome-20.jpg 1920w\" sizes=\"(max-width: 1024px) 100vw, 1024px\" \/>\t\t\t\t\t<\/a>\n\t\t\t\t\t\t\t\t\t<\/div>\n\t\t\t\t\t\t<h4 class=\"uagb-post__title uagb-post__text\">\n\t\t\t\t<a href=\"https:\/\/zapfling.com\/fr\/reforma-casa-brasil\/\" target=\"_self\" rel=\"bookmark noopener noreferrer\">R\u00e9novation de maison au Br\u00e9sil\u00a0: D\u00e9couvrez comment r\u00e9nover votre maison avec un revenu allant jusqu\u2019\u00e0 1\u00a0400\u00a0000\u00a0R$<\/a>\n\t\t\t<\/h4>\n\t\t\t\t\t\t<div class='uagb-post__text uagb-post-grid-byline'>\n\t\t\t\t\t\t\t\t<time datetime=\"2025-11-13T19:18:08+00:00\" class=\"uagb-post__date\">\n\t\t\t\t<span class=\"dashicons-calendar dashicons\"><\/span>\t\t\t\t\t13 novembre 2025\t\t\t\t<\/time>\n\t\t\t\t\t\t\t<span class=\"uagb-post__comment\">\n\t\t\t\t<span class=\"dashicons-admin-comments dashicons\"><\/span>\t\t\t\t\tAucun commentaire\t\t\t\t<\/span>\n\t\t\t\t\t\t<\/div>\n\t\t\t\t\t\t\t<div class='uagb-post__text uagb-post__excerpt'>\n\t\t\t\t\tR\u00e9novez en toute s\u00e9curit\u00e9 et \u00e0 des taux d&#039;int\u00e9r\u00eat plus bas\u00a0: d\u00e9couvrez comment en moins de 10 minutes.\t\t\t\t<\/div>\n\t\t\t\t\t\t<div class=\"uagb-post__text uagb-post__cta wp-block-button\">\n\t\t\t\t<a class=\"wp-block-button__link uagb-text-link\" style=\"\" href=\"https:\/\/zapfling.com\/fr\/reforma-casa-brasil\/\" target=\"_self\" rel=\"bookmark noopener noreferrer\">v\u00e9rifier<\/a>\n\t\t\t<\/div>\n\t\t\t\n\t\t\t\t\t\t\t\t\t<\/article>\n\t\t\t\t\t\t\t\t\t\t\t<\/div>\n\t\t\t<\/div><\/div>\n\n\n\n<div class=\"wp-block-uagb-container uagb-block-05fd2311 alignfull uagb-is-root-container\"><div class=\"uagb-container-inner-blocks-wrap\">\n<h2 class=\"wp-block-heading has-ast-global-color-5-color has-text-color has-link-color wp-elements-826793ede316e7ba7c18af324626a60e\">Des milliers d&#039;opportunit\u00e9s vous attendent.<\/h2>\n\n\n\n<p class=\"has-ast-global-color-5-color has-text-color has-link-color wp-elements-b9c9567679758debe73444914a84aef0\">Votre prochaine grande r\u00e9ussite professionnelle est \u00e0 port\u00e9e de main \u2013 il vous suffit de faire le premier pas vers l&#039;avenir que vous m\u00e9ritez.<\/p>\n\n\n\n<div class=\"wp-block-buttons is-layout-flex wp-block-buttons-is-layout-flex\">\n<div class=\"wp-block-button\"><a class=\"wp-block-button__link wp-element-button\" href=\"https:\/\/zapfling.com\/fr\/category\/tech\/\">explorer<\/a><\/div>\n<\/div>\n<\/div><\/div>","protected":false},"excerpt":{"rendered":"<p>Tudo que voc\u00ea precisa para crescer profissionalmente Publica\u00e7\u00f5es Recentes Milhares de Oportunidades te Esperam Sua pr\u00f3xima grande conquista profissional est\u00e1 a um passo de dist\u00e2ncia \u2013 basta dar o primeiro movimento rumo ao futuro que voc\u00ea merece.<\/p>","protected":false},"author":3,"featured_media":0,"parent":0,"menu_order":0,"comment_status":"closed","ping_status":"closed","template":"","meta":{"_uag_custom_page_level_css":"","site-sidebar-layout":"no-sidebar","site-content-layout":"plain-container","ast-site-content-layout":"normal-width-container","site-content-style":"unboxed","site-sidebar-style":"unboxed","ast-global-header-display":"","ast-banner-title-visibility":"","ast-main-header-display":"","ast-hfb-above-header-display":"","ast-hfb-below-header-display":"","ast-hfb-mobile-header-display":"","site-post-title":"disabled","ast-breadcrumbs-content":"","ast-featured-img":"","footer-sml-layout":"","theme-transparent-header-meta":"default","adv-header-id-meta":"","stick-header-meta":"","header-above-stick-meta":"","header-main-stick-meta":"","header-below-stick-meta":"","astra-migrate-meta-layouts":"set","ast-page-background-enabled":"default","ast-page-background-meta":{"desktop":{"background-color":"var(--ast-global-color-4)","background-image":"","background-repeat":"repeat","background-position":"center center","background-size":"auto","background-attachment":"scroll","background-type":"","background-media":"","overlay-type":"","overlay-color":"","overlay-opacity":"","overlay-gradient":""},"tablet":{"background-color":"","background-image":"","background-repeat":"repeat","background-position":"center center","background-size":"auto","background-attachment":"scroll","background-type":"","background-media":"","overlay-type":"","overlay-color":"","overlay-opacity":"","overlay-gradient":""},"mobile":{"background-color":"","background-image":"","background-repeat":"repeat","background-position":"center center","background-size":"auto","background-attachment":"scroll","background-type":"","background-media":"","overlay-type":"","overlay-color":"","overlay-opacity":"","overlay-gradient":""}},"ast-content-background-meta":{"desktop":{"background-color":"var(--ast-global-color-5)","background-image":"","background-repeat":"repeat","background-position":"center center","background-size":"auto","background-attachment":"scroll","background-type":"","background-media":"","overlay-type":"","overlay-color":"","overlay-opacity":"","overlay-gradient":""},"tablet":{"background-color":"var(--ast-global-color-5)","background-image":"","background-repeat":"repeat","background-position":"center center","background-size":"auto","background-attachment":"scroll","background-type":"","background-media":"","overlay-type":"","overlay-color":"","overlay-opacity":"","overlay-gradient":""},"mobile":{"background-color":"var(--ast-global-color-5)","background-image":"","background-repeat":"repeat","background-position":"center center","background-size":"auto","background-attachment":"scroll","background-type":"","background-media":"","overlay-type":"","overlay-color":"","overlay-opacity":"","overlay-gradient":""}},"footnotes":""},"yoast_head":"<!-- This site is optimized with the Yoast SEO plugin v23.3 - https:\/\/yoast.com\/wordpress\/plugins\/seo\/ -->\n<title>Home - Zapfling<\/title>\n<meta name=\"robots\" content=\"index, follow, max-snippet:-1, max-image-preview:large, max-video-preview:-1\" \/>\n<link rel=\"canonical\" href=\"https:\/\/zapfling.com\/fr\/\" \/>\n<meta property=\"og:locale\" content=\"fr_FR\" \/>\n<meta property=\"og:type\" content=\"article\" \/>\n<meta property=\"og:title\" content=\"Home - Zapfling\" \/>\n<meta property=\"og:description\" content=\"Tudo que voc\u00ea precisa para crescer profissionalmente Publica\u00e7\u00f5es Recentes Milhares de Oportunidades te Esperam Sua pr\u00f3xima grande conquista profissional est\u00e1 a um passo de dist\u00e2ncia \u2013 basta dar o primeiro movimento rumo ao futuro que voc\u00ea merece.\" \/>\n<meta property=\"og:url\" content=\"https:\/\/zapfling.com\/fr\/\" \/>\n<meta property=\"og:site_name\" content=\"Zapfling\" \/>\n<meta property=\"article:modified_time\" content=\"2025-11-13T20:04:58+00:00\" \/>\n<meta property=\"og:image\" content=\"https:\/\/zapfling.com\/wp-content\/uploads\/sites\/203\/2025\/07\/Design-sem-nome-7-1024x576.jpg\" \/>\n<meta name=\"twitter:card\" content=\"summary_large_image\" \/>\n<meta name=\"twitter:label1\" content=\"Est. reading time\" \/>\n\t<meta name=\"twitter:data1\" content=\"2 minutes\" \/>\n<script type=\"application\/ld+json\" class=\"yoast-schema-graph\">{\"@context\":\"https:\/\/schema.org\",\"@graph\":[{\"@type\":\"WebPage\",\"@id\":\"https:\/\/zapfling.com\/\",\"url\":\"https:\/\/zapfling.com\/\",\"name\":\"Home - Zapfling\",\"isPartOf\":{\"@id\":\"https:\/\/zapfling.com\/#website\"},\"primaryImageOfPage\":{\"@id\":\"https:\/\/zapfling.com\/#primaryimage\"},\"image\":{\"@id\":\"https:\/\/zapfling.com\/#primaryimage\"},\"thumbnailUrl\":\"https:\/\/zapfling.com\/wp-content\/uploads\/sites\/203\/2025\/07\/Design-sem-nome-7-1024x576.jpg\",\"datePublished\":\"2025-07-15T18:37:59+00:00\",\"dateModified\":\"2025-11-13T20:04:58+00:00\",\"breadcrumb\":{\"@id\":\"https:\/\/zapfling.com\/#breadcrumb\"},\"inLanguage\":\"fr-FR\",\"potentialAction\":[{\"@type\":\"ReadAction\",\"target\":[\"https:\/\/zapfling.com\/\"]}]},{\"@type\":\"ImageObject\",\"inLanguage\":\"fr-FR\",\"@id\":\"https:\/\/zapfling.com\/#primaryimage\",\"url\":\"https:\/\/zapfling.com\/wp-content\/uploads\/sites\/203\/2025\/07\/Design-sem-nome-7-1024x576.jpg\",\"contentUrl\":\"https:\/\/zapfling.com\/wp-content\/uploads\/sites\/203\/2025\/07\/Design-sem-nome-7-1024x576.jpg\"},{\"@type\":\"BreadcrumbList\",\"@id\":\"https:\/\/zapfling.com\/#breadcrumb\",\"itemListElement\":[{\"@type\":\"ListItem\",\"position\":1,\"name\":\"Home\",\"item\":\"https:\/\/zapfling.com\/\"},{\"@type\":\"ListItem\",\"position\":2,\"name\":\"Home\"}]},{\"@type\":\"WebSite\",\"@id\":\"https:\/\/zapfling.com\/#website\",\"url\":\"https:\/\/zapfling.com\/\",\"name\":\"Zapfling\",\"description\":\"\",\"publisher\":{\"@id\":\"https:\/\/zapfling.com\/#organization\"},\"potentialAction\":[{\"@type\":\"SearchAction\",\"target\":{\"@type\":\"EntryPoint\",\"urlTemplate\":\"https:\/\/zapfling.com\/?s={search_term_string}\"},\"query-input\":\"required name=search_term_string\"}],\"inLanguage\":\"fr-FR\"},{\"@type\":\"Organization\",\"@id\":\"https:\/\/zapfling.com\/#organization\",\"name\":\"Zapfling\",\"url\":\"https:\/\/zapfling.com\/\",\"logo\":{\"@type\":\"ImageObject\",\"inLanguage\":\"fr-FR\",\"@id\":\"https:\/\/zapfling.com\/#\/schema\/logo\/image\/\",\"url\":\"https:\/\/zapfling.com\/wp-content\/uploads\/sites\/203\/2025\/11\/cropped-cropped-cropped-zapfling-1.png\",\"contentUrl\":\"https:\/\/zapfling.com\/wp-content\/uploads\/sites\/203\/2025\/11\/cropped-cropped-cropped-zapfling-1.png\",\"width\":411,\"height\":414,\"caption\":\"Zapfling\"},\"image\":{\"@id\":\"https:\/\/zapfling.com\/#\/schema\/logo\/image\/\"}}]}<\/script>\n<!-- \/ Yoast SEO plugin. -->","yoast_head_json":{"title":"Home - Zapfling","robots":{"index":"index","follow":"follow","max-snippet":"max-snippet:-1","max-image-preview":"max-image-preview:large","max-video-preview":"max-video-preview:-1"},"canonical":"https:\/\/zapfling.com\/fr\/","og_locale":"fr_FR","og_type":"article","og_title":"Home - Zapfling","og_description":"Tudo que voc\u00ea precisa para crescer profissionalmente Publica\u00e7\u00f5es Recentes Milhares de Oportunidades te Esperam Sua pr\u00f3xima grande conquista profissional est\u00e1 a um passo de dist\u00e2ncia \u2013 basta dar o primeiro movimento rumo ao futuro que voc\u00ea merece.","og_url":"https:\/\/zapfling.com\/fr\/","og_site_name":"Zapfling","article_modified_time":"2025-11-13T20:04:58+00:00","og_image":[{"url":"https:\/\/zapfling.com\/wp-content\/uploads\/sites\/203\/2025\/07\/Design-sem-nome-7-1024x576.jpg"}],"twitter_card":"summary_large_image","twitter_misc":{"Est. reading time":"2 minutes"},"schema":{"@context":"https:\/\/schema.org","@graph":[{"@type":"WebPage","@id":"https:\/\/zapfling.com\/","url":"https:\/\/zapfling.com\/","name":"Home - Zapfling","isPartOf":{"@id":"https:\/\/zapfling.com\/#website"},"primaryImageOfPage":{"@id":"https:\/\/zapfling.com\/#primaryimage"},"image":{"@id":"https:\/\/zapfling.com\/#primaryimage"},"thumbnailUrl":"https:\/\/zapfling.com\/wp-content\/uploads\/sites\/203\/2025\/07\/Design-sem-nome-7-1024x576.jpg","datePublished":"2025-07-15T18:37:59+00:00","dateModified":"2025-11-13T20:04:58+00:00","breadcrumb":{"@id":"https:\/\/zapfling.com\/#breadcrumb"},"inLanguage":"fr-FR","potentialAction":[{"@type":"ReadAction","target":["https:\/\/zapfling.com\/"]}]},{"@type":"ImageObject","inLanguage":"fr-FR","@id":"https:\/\/zapfling.com\/#primaryimage","url":"https:\/\/zapfling.com\/wp-content\/uploads\/sites\/203\/2025\/07\/Design-sem-nome-7-1024x576.jpg","contentUrl":"https:\/\/zapfling.com\/wp-content\/uploads\/sites\/203\/2025\/07\/Design-sem-nome-7-1024x576.jpg"},{"@type":"BreadcrumbList","@id":"https:\/\/zapfling.com\/#breadcrumb","itemListElement":[{"@type":"ListItem","position":1,"name":"Home","item":"https:\/\/zapfling.com\/"},{"@type":"ListItem","position":2,"name":"Home"}]},{"@type":"WebSite","@id":"https:\/\/zapfling.com\/#website","url":"https:\/\/zapfling.com\/","name":"Zapfling","description":"","publisher":{"@id":"https:\/\/zapfling.com\/#organization"},"potentialAction":[{"@type":"SearchAction","target":{"@type":"EntryPoint","urlTemplate":"https:\/\/zapfling.com\/?s={search_term_string}"},"query-input":"required name=search_term_string"}],"inLanguage":"fr-FR"},{"@type":"Organization","@id":"https:\/\/zapfling.com\/#organization","name":"Zapfling","url":"https:\/\/zapfling.com\/","logo":{"@type":"ImageObject","inLanguage":"fr-FR","@id":"https:\/\/zapfling.com\/#\/schema\/logo\/image\/","url":"https:\/\/zapfling.com\/wp-content\/uploads\/sites\/203\/2025\/11\/cropped-cropped-cropped-zapfling-1.png","contentUrl":"https:\/\/zapfling.com\/wp-content\/uploads\/sites\/203\/2025\/11\/cropped-cropped-cropped-zapfling-1.png","width":411,"height":414,"caption":"Zapfling"},"image":{"@id":"https:\/\/zapfling.com\/#\/schema\/logo\/image\/"}}]}},"uagb_featured_image_src":{"full":false,"thumbnail":false,"medium":false,"medium_large":false,"large":false,"1536x1536":false,"2048x2048":false,"trp-custom-language-flag":false},"uagb_author_info":{"display_name":"Bruno Gianni","author_link":"https:\/\/zapfling.com\/fr\/author\/bcgianni\/"},"uagb_comment_info":0,"uagb_excerpt":"Tudo que voc\u00ea precisa para crescer profissionalmente Publica\u00e7\u00f5es Recentes Milhares de Oportunidades te Esperam Sua pr\u00f3xima grande conquista profissional est\u00e1 a um passo de dist\u00e2ncia \u2013 basta dar o primeiro movimento rumo ao futuro que voc\u00ea merece.","_links":{"self":[{"href":"https:\/\/zapfling.com\/fr\/wp-json\/wp\/v2\/pages\/837"}],"collection":[{"href":"https:\/\/zapfling.com\/fr\/wp-json\/wp\/v2\/pages"}],"about":[{"href":"https:\/\/zapfling.com\/fr\/wp-json\/wp\/v2\/types\/page"}],"author":[{"embeddable":true,"href":"https:\/\/zapfling.com\/fr\/wp-json\/wp\/v2\/users\/3"}],"replies":[{"embeddable":true,"href":"https:\/\/zapfling.com\/fr\/wp-json\/wp\/v2\/comments?post=837"}],"version-history":[{"count":43,"href":"https:\/\/zapfling.com\/fr\/wp-json\/wp\/v2\/pages\/837\/revisions"}],"predecessor-version":[{"id":1142,"href":"https:\/\/zapfling.com\/fr\/wp-json\/wp\/v2\/pages\/837\/revisions\/1142"}],"wp:attachment":[{"href":"https:\/\/zapfling.com\/fr\/wp-json\/wp\/v2\/media?parent=837"}],"curies":[{"name":"wp","href":"https:\/\/api.w.org\/{rel}","templated":true}]}}